{"id":45645,"date":"2025-04-29T13:32:38","date_gmt":"2025-04-29T11:32:38","guid":{"rendered":"https:\/\/dev.rawcyclingmag.com\/?post_type=product&#038;p=45645"},"modified":"2025-05-12T01:19:11","modified_gmt":"2025-05-11T23:19:11","slug":"suscripcion-raw-magazine","status":"publish","type":"product","link":"https:\/\/rawcyclingmag.com\/es\/producto\/suscripcion-raw-magazine\/","title":{"rendered":"Suscripci\u00f3n RAW Magazine"},"content":{"rendered":"<p>La suscripci\u00f3n a RAW Magazine es un programa de apoyo al proyecto en el que, por <strong>una cuota anual de 19,90 \u20ac<\/strong>, adem\u00e1s de formar parte oficial de nuestra comunidad, tienes acceso a un conjunto de ventajas.<\/p>\n<p>\u00bfQu\u00e9 incluye el plan de suscripci\u00f3n?<\/p>\n<ul>\n<li>Acceso a contenido exclusivo<\/li>\n<li>Acceso prioritario a eventos y acciones lideradas por Raw Magazine<\/li>\n<li>Descuento en las publicaciones en formato f\u00edsico<\/li>\n<li>Descuentos en merchandising de Raw Magazine<\/li>\n<li>Participaci\u00f3n en sorteos y promociones solo para suscriptores<\/li>\n<li>Newsletter peri\u00f3dica<\/li>\n<\/ul>\n<p>Para cualquier duda, nos puedes escribir a <a href=\"mailto:info@rawcyclingmag.com\">info@rawcyclingmag.com<\/a> y te resolveremos todas tus inquietudes.<\/p>\n","protected":false},"excerpt":{"rendered":"<p>La suscripci\u00f3n a RAW Magazine es un programa de apoyo al proyecto en el que, por <strong>una cuota anual de 19,90 \u20ac<\/strong>, adem\u00e1s de formar parte oficial de nuestra comunidad, tienes acceso a un conjunto de ventajas.<\/p>\n<p>\u00bfQu\u00e9 incluye el plan de suscripci\u00f3n?<\/p>\n<ul>\n<li>Acceso a contenido exclusivo<\/li>\n<li>Acceso prioritario a eventos y acciones lideradas por Raw Magazine<\/li>\n<li>Descuento en las publicaciones en formato f\u00edsico<\/li>\n<li>Descuentos en merchandising de Raw Magazine<\/li>\n<li>Participaci\u00f3n en sorteos y promociones solo para suscriptores<\/li>\n<li>Newsletter peri\u00f3dica<\/li>\n<\/ul>\n<p>Para cualquier duda, nos puedes escribir a <a href=\"mailto:info@rawcyclingmag.com\">info@rawcyclingmag.com<\/a> y te resolveremos todas tus inquietudes.<\/p>\n","protected":false},"featured_media":45502,"comment_status":"open","ping_status":"closed","template":"","meta":[],"product_brand":[],"product_cat":[3968],"product_tag":[],"class_list":{"0":"post-45645","1":"product","2":"type-product","3":"status-publish","4":"has-post-thumbnail","6":"product_cat-laminas","8":"first","9":"instock","10":"virtual","11":"sold-individually","12":"purchasable","13":"product-type-subscription"},"yoast_head":"<!-- This site is optimized with the Yoast SEO Premium plugin v27.0 (Yoast SEO v27.0) - https:\/\/yoast.com\/product\/yoast-seo-premium-wordpress\/ -->\n<title>Suscripci\u00f3n RAW Magazine - RAW Cycling Magazine<\/title>\n<meta name=\"robots\" content=\"index, follow, max-snippet:-1, max-image-preview:large, max-video-preview:-1\" \/>\n<link rel=\"canonical\" href=\"https:\/\/rawcyclingmag.com\/es\/producto\/suscripcion-raw-magazine\/\" \/>\n<meta property=\"og:locale\" content=\"es_ES\" \/>\n<meta property=\"og:type\" content=\"article\" \/>\n<meta property=\"og:title\" content=\"Suscripci\u00f3n RAW Magazine\" \/>\n<meta property=\"og:description\" content=\"La suscripci\u00f3n a RAW Magazine es un programa de apoyo al proyecto en el que, por una cuota anual de 19,90 \u20ac, adem\u00e1s de formar parte oficial de nuestra comunidad, tienes acceso a un conjunto de ventajas.  \u00bfQu\u00e9 incluye el plan de suscripci\u00f3n?   Acceso a contenido exclusivo  Acceso prioritario a eventos y acciones lideradas por Raw Magazine  Descuento en las publicaciones en formato f\u00edsico  Descuentos en merchandising de Raw Magazine  Participaci\u00f3n en sorteos y promociones solo para suscriptores  Newsletter peri\u00f3dica  Para cualquier duda, nos puedes escribir a info@rawcyclingmag.com y te resolveremos todas tus inquietudes.\" \/>\n<meta property=\"og:url\" content=\"https:\/\/rawcyclingmag.com\/es\/producto\/suscripcion-raw-magazine\/\" \/>\n<meta property=\"og:site_name\" content=\"RAW Cycling Magazine\" \/>\n<meta property=\"article:publisher\" content=\"http:\/\/facebook.com\/rawcyclingmag\" \/>\n<meta property=\"article:modified_time\" content=\"2025-05-11T23:19:11+00:00\" \/>\n<meta property=\"og:image\" content=\"https:\/\/rawcyclingmag.com\/wp-content\/uploads\/2025\/05\/SubscriptionPlan-raw.jpg\" \/>\n\t<meta property=\"og:image:width\" content=\"1047\" \/>\n\t<meta property=\"og:image:height\" content=\"1047\" \/>\n\t<meta property=\"og:image:type\" content=\"image\/jpeg\" \/>\n<meta name=\"twitter:card\" content=\"summary_large_image\" \/>\n<meta name=\"twitter:site\" content=\"@rawcyclingmag\" \/>\n<meta name=\"twitter:label1\" content=\"Precio\" \/>\n\t<meta name=\"twitter:data1\" content=\"19,90&euro;\" \/>\n\t<meta name=\"twitter:label2\" content=\"Disponibilidad\" \/>\n\t<meta name=\"twitter:data2\" content=\"Disponible\" \/>\n<script type=\"application\/ld+json\" class=\"yoast-schema-graph\">{\"@context\":\"https:\/\/schema.org\",\"@graph\":[{\"@type\":\"WebPage\",\"@id\":\"https:\/\/rawcyclingmag.com\/es\/producto\/suscripcion-raw-magazine\/\",\"url\":\"https:\/\/rawcyclingmag.com\/es\/producto\/suscripcion-raw-magazine\/\",\"name\":\"Suscripci\u00f3n RAW Magazine - RAW Cycling Magazine\",\"isPartOf\":{\"@id\":\"https:\/\/rawcyclingmag.com\/es\/#website\"},\"primaryImageOfPage\":{\"@id\":\"https:\/\/rawcyclingmag.com\/es\/producto\/suscripcion-raw-magazine\/#primaryimage\"},\"image\":{\"@id\":\"https:\/\/rawcyclingmag.com\/es\/producto\/suscripcion-raw-magazine\/#primaryimage\"},\"thumbnailUrl\":\"https:\/\/rawcyclingmag.com\/wp-content\/uploads\/2025\/05\/SubscriptionPlan-raw.jpg\",\"datePublished\":\"2025-04-29T11:32:38+00:00\",\"dateModified\":\"2025-05-11T23:19:11+00:00\",\"breadcrumb\":{\"@id\":\"https:\/\/rawcyclingmag.com\/es\/producto\/suscripcion-raw-magazine\/#breadcrumb\"},\"inLanguage\":\"es\",\"potentialAction\":[{\"@type\":\"ReadAction\",\"target\":[\"https:\/\/rawcyclingmag.com\/es\/producto\/suscripcion-raw-magazine\/\"]}]},{\"@type\":\"ImageObject\",\"inLanguage\":\"es\",\"@id\":\"https:\/\/rawcyclingmag.com\/es\/producto\/suscripcion-raw-magazine\/#primaryimage\",\"url\":\"https:\/\/rawcyclingmag.com\/wp-content\/uploads\/2025\/05\/SubscriptionPlan-raw.jpg\",\"contentUrl\":\"https:\/\/rawcyclingmag.com\/wp-content\/uploads\/2025\/05\/SubscriptionPlan-raw.jpg\",\"width\":1047,\"height\":1047},{\"@type\":\"BreadcrumbList\",\"@id\":\"https:\/\/rawcyclingmag.com\/es\/producto\/suscripcion-raw-magazine\/#breadcrumb\",\"itemListElement\":[{\"@type\":\"ListItem\",\"position\":1,\"name\":\"Portada\",\"item\":\"https:\/\/rawcyclingmag.com\/es\/\"},{\"@type\":\"ListItem\",\"position\":2,\"name\":\"Productos\",\"item\":\"https:\/\/rawcyclingmag.com\/es\/shop\/\"},{\"@type\":\"ListItem\",\"position\":3,\"name\":\"Suscripci\u00f3n RAW Magazine\"}]},{\"@type\":\"WebSite\",\"@id\":\"https:\/\/rawcyclingmag.com\/es\/#website\",\"url\":\"https:\/\/rawcyclingmag.com\/es\/\",\"name\":\"RAW Cycling Magazine\",\"description\":\"\",\"publisher\":{\"@id\":\"https:\/\/rawcyclingmag.com\/es\/#organization\"},\"potentialAction\":[{\"@type\":\"SearchAction\",\"target\":{\"@type\":\"EntryPoint\",\"urlTemplate\":\"https:\/\/rawcyclingmag.com\/es\/?s={search_term_string}\"},\"query-input\":{\"@type\":\"PropertyValueSpecification\",\"valueRequired\":true,\"valueName\":\"search_term_string\"}}],\"inLanguage\":\"es\"},{\"@type\":\"Organization\",\"@id\":\"https:\/\/rawcyclingmag.com\/es\/#organization\",\"name\":\"RAW Cycling Magazine\",\"url\":\"https:\/\/rawcyclingmag.com\/es\/\",\"logo\":{\"@type\":\"ImageObject\",\"inLanguage\":\"es\",\"@id\":\"https:\/\/rawcyclingmag.com\/es\/#\/schema\/logo\/image\/\",\"url\":\"https:\/\/rawcyclingmag.com\/wp-content\/uploads\/2018\/03\/RawMagazine.orange.medium.png\",\"contentUrl\":\"https:\/\/rawcyclingmag.com\/wp-content\/uploads\/2018\/03\/RawMagazine.orange.medium.png\",\"width\":300,\"height\":140,\"caption\":\"RAW Cycling Magazine\"},\"image\":{\"@id\":\"https:\/\/rawcyclingmag.com\/es\/#\/schema\/logo\/image\/\"},\"sameAs\":[\"http:\/\/facebook.com\/rawcyclingmag\",\"https:\/\/x.com\/rawcyclingmag\",\"http:\/\/instagram.com\/rawcyclingmag\"]}]}<\/script>\n<meta property=\"product:price:amount\" content=\"19.90\" \/>\n<meta property=\"product:price:currency\" content=\"EUR\" \/>\n<meta property=\"og:availability\" content=\"instock\" \/>\n<meta property=\"product:availability\" content=\"instock\" \/>\n<meta property=\"product:condition\" content=\"new\" \/>\n<!-- \/ Yoast SEO Premium plugin. -->","yoast_head_json":{"title":"Suscripci\u00f3n RAW Magazine - RAW Cycling Magazine","robots":{"index":"index","follow":"follow","max-snippet":"max-snippet:-1","max-image-preview":"max-image-preview:large","max-video-preview":"max-video-preview:-1"},"canonical":"https:\/\/rawcyclingmag.com\/es\/producto\/suscripcion-raw-magazine\/","og_locale":"es_ES","og_type":"article","og_title":"Suscripci\u00f3n RAW Magazine","og_description":"La suscripci\u00f3n a RAW Magazine es un programa de apoyo al proyecto en el que, por una cuota anual de 19,90 \u20ac, adem\u00e1s de formar parte oficial de nuestra comunidad, tienes acceso a un conjunto de ventajas.  \u00bfQu\u00e9 incluye el plan de suscripci\u00f3n?   Acceso a contenido exclusivo  Acceso prioritario a eventos y acciones lideradas por Raw Magazine  Descuento en las publicaciones en formato f\u00edsico  Descuentos en merchandising de Raw Magazine  Participaci\u00f3n en sorteos y promociones solo para suscriptores  Newsletter peri\u00f3dica  Para cualquier duda, nos puedes escribir a info@rawcyclingmag.com y te resolveremos todas tus inquietudes.","og_url":"https:\/\/rawcyclingmag.com\/es\/producto\/suscripcion-raw-magazine\/","og_site_name":"RAW Cycling Magazine","article_publisher":"http:\/\/facebook.com\/rawcyclingmag","article_modified_time":"2025-05-11T23:19:11+00:00","og_image":[{"width":1047,"height":1047,"url":"https:\/\/rawcyclingmag.com\/wp-content\/uploads\/2025\/05\/SubscriptionPlan-raw.jpg","type":"image\/jpeg"}],"twitter_card":"summary_large_image","twitter_site":"@rawcyclingmag","twitter_misc":{"Precio":"19,90&euro;","Disponibilidad":"Disponible"},"schema":{"@context":"https:\/\/schema.org","@graph":[{"@type":"WebPage","@id":"https:\/\/rawcyclingmag.com\/es\/producto\/suscripcion-raw-magazine\/","url":"https:\/\/rawcyclingmag.com\/es\/producto\/suscripcion-raw-magazine\/","name":"Suscripci\u00f3n RAW Magazine - RAW Cycling Magazine","isPartOf":{"@id":"https:\/\/rawcyclingmag.com\/es\/#website"},"primaryImageOfPage":{"@id":"https:\/\/rawcyclingmag.com\/es\/producto\/suscripcion-raw-magazine\/#primaryimage"},"image":{"@id":"https:\/\/rawcyclingmag.com\/es\/producto\/suscripcion-raw-magazine\/#primaryimage"},"thumbnailUrl":"https:\/\/rawcyclingmag.com\/wp-content\/uploads\/2025\/05\/SubscriptionPlan-raw.jpg","datePublished":"2025-04-29T11:32:38+00:00","dateModified":"2025-05-11T23:19:11+00:00","breadcrumb":{"@id":"https:\/\/rawcyclingmag.com\/es\/producto\/suscripcion-raw-magazine\/#breadcrumb"},"inLanguage":"es","potentialAction":[{"@type":"ReadAction","target":["https:\/\/rawcyclingmag.com\/es\/producto\/suscripcion-raw-magazine\/"]}]},{"@type":"ImageObject","inLanguage":"es","@id":"https:\/\/rawcyclingmag.com\/es\/producto\/suscripcion-raw-magazine\/#primaryimage","url":"https:\/\/rawcyclingmag.com\/wp-content\/uploads\/2025\/05\/SubscriptionPlan-raw.jpg","contentUrl":"https:\/\/rawcyclingmag.com\/wp-content\/uploads\/2025\/05\/SubscriptionPlan-raw.jpg","width":1047,"height":1047},{"@type":"BreadcrumbList","@id":"https:\/\/rawcyclingmag.com\/es\/producto\/suscripcion-raw-magazine\/#breadcrumb","itemListElement":[{"@type":"ListItem","position":1,"name":"Portada","item":"https:\/\/rawcyclingmag.com\/es\/"},{"@type":"ListItem","position":2,"name":"Productos","item":"https:\/\/rawcyclingmag.com\/es\/shop\/"},{"@type":"ListItem","position":3,"name":"Suscripci\u00f3n RAW Magazine"}]},{"@type":"WebSite","@id":"https:\/\/rawcyclingmag.com\/es\/#website","url":"https:\/\/rawcyclingmag.com\/es\/","name":"RAW Cycling Magazine","description":"","publisher":{"@id":"https:\/\/rawcyclingmag.com\/es\/#organization"},"potentialAction":[{"@type":"SearchAction","target":{"@type":"EntryPoint","urlTemplate":"https:\/\/rawcyclingmag.com\/es\/?s={search_term_string}"},"query-input":{"@type":"PropertyValueSpecification","valueRequired":true,"valueName":"search_term_string"}}],"inLanguage":"es"},{"@type":"Organization","@id":"https:\/\/rawcyclingmag.com\/es\/#organization","name":"RAW Cycling Magazine","url":"https:\/\/rawcyclingmag.com\/es\/","logo":{"@type":"ImageObject","inLanguage":"es","@id":"https:\/\/rawcyclingmag.com\/es\/#\/schema\/logo\/image\/","url":"https:\/\/rawcyclingmag.com\/wp-content\/uploads\/2018\/03\/RawMagazine.orange.medium.png","contentUrl":"https:\/\/rawcyclingmag.com\/wp-content\/uploads\/2018\/03\/RawMagazine.orange.medium.png","width":300,"height":140,"caption":"RAW Cycling Magazine"},"image":{"@id":"https:\/\/rawcyclingmag.com\/es\/#\/schema\/logo\/image\/"},"sameAs":["http:\/\/facebook.com\/rawcyclingmag","https:\/\/x.com\/rawcyclingmag","http:\/\/instagram.com\/rawcyclingmag"]}]},"product_price_amount":"19.90","product_price_currency":"EUR","og_availability":"instock","product_availability":"instock","product_condition":"new"},"_links":{"self":[{"href":"https:\/\/rawcyclingmag.com\/es\/wp-json\/wp\/v2\/product\/45645","targetHints":{"allow":["GET"]}}],"collection":[{"href":"https:\/\/rawcyclingmag.com\/es\/wp-json\/wp\/v2\/product"}],"about":[{"href":"https:\/\/rawcyclingmag.com\/es\/wp-json\/wp\/v2\/types\/product"}],"replies":[{"embeddable":true,"href":"https:\/\/rawcyclingmag.com\/es\/wp-json\/wp\/v2\/comments?post=45645"}],"version-history":[{"count":0,"href":"https:\/\/rawcyclingmag.com\/es\/wp-json\/wp\/v2\/product\/45645\/revisions"}],"wp:featuredmedia":[{"embeddable":true,"href":"https:\/\/rawcyclingmag.com\/es\/wp-json\/wp\/v2\/media\/45502"}],"wp:attachment":[{"href":"https:\/\/rawcyclingmag.com\/es\/wp-json\/wp\/v2\/media?parent=45645"}],"wp:term":[{"taxonomy":"product_brand","embeddable":true,"href":"https:\/\/rawcyclingmag.com\/es\/wp-json\/wp\/v2\/product_brand?post=45645"},{"taxonomy":"product_cat","embeddable":true,"href":"https:\/\/rawcyclingmag.com\/es\/wp-json\/wp\/v2\/product_cat?post=45645"},{"taxonomy":"product_tag","embeddable":true,"href":"https:\/\/rawcyclingmag.com\/es\/wp-json\/wp\/v2\/product_tag?post=45645"}],"curies":[{"name":"wp","href":"https:\/\/api.w.org\/{rel}","templated":true}]}}