{"id":45623,"date":"2025-04-28T09:52:10","date_gmt":"2025-04-28T07:52:10","guid":{"rendered":"https:\/\/dev.rawcyclingmag.com\/?post_type=product&#038;p=45623"},"modified":"2025-05-12T01:27:15","modified_gmt":"2025-05-11T23:27:15","slug":"issue-zero-un-paso-hacia-lo-inexplorado","status":"publish","type":"product","link":"https:\/\/rawcyclingmag.com\/es\/producto\/issue-zero-un-paso-hacia-lo-inexplorado\/","title":{"rendered":"Issue Zero &#8211; Un paso hacia lo inexplorado"},"content":{"rendered":"<p><span style=\"font-weight: 400;\">Nuestra revista impresa agrega historias exclusivas solo presentes en la versi\u00f3n a papel, art\u00edculos previamente publicados en nuestra web, y contribuciones de lectores que merece la pena destacar. No esperes noticias de \u00faltima hora ni resultados de carreras, sino varias piezas narrativas a ser le\u00eddas y rele\u00eddas en esos momentos en los que quieres desconectar de tu pantalla y adentrarte en la pura esencia del ciclismo. Esperamos que su contenido te incite a planificar aventuras similares. La revista es impresa en Barcelona y dise\u00f1ada por <a href=\"https:\/\/sheiladobon.com\/\" target=\"_blank\" rel=\"noopener\">Sheila Dob\u00f3n<\/a>.<\/span><\/p>\n<p>No importa si llevas mucho tiempo sigui\u00e9ndonos o si nos acabas de conocer, si te gusta RAW Magazine no lo pienses m\u00e1s y ap\u00f3yanos con el <span style=\"text-decoration: underline;\">plan de suscripci\u00f3n<\/span> que ofrecemos a nuestra comunidad. Gracias a esto, adem\u00e1s de ayudarnos a seguir trabajando duro en este bonito proyecto, estar\u00e1s siempre informado de todo lo relacionado con nosotros y tendr\u00e1s acceso exclusivo a determinadas ventajas disponibles solo para <em>supporters<\/em>.<\/p>\n<p>&nbsp;<\/p>\n","protected":false},"excerpt":{"rendered":"<p><span style=\"font-weight: 400;\">Nuestra revista impresa agrega historias exclusivas solo presentes en la versi\u00f3n a papel, art\u00edculos previamente publicados en nuestra web, y contribuciones de lectores que merece la pena destacar. No esperes noticias de \u00faltima hora ni resultados de carreras, sino varias piezas narrativas a ser le\u00eddas y rele\u00eddas en esos momentos en los que quieres desconectar de tu pantalla y adentrarte en la pura esencia del ciclismo. Esperamos que su contenido te incite a planificar aventuras similares. La revista es impresa en Barcelona y dise\u00f1ada por <a href=\"https:\/\/sheiladobon.com\/\" target=\"_blank\" rel=\"noopener\">Sheila Dob\u00f3n<\/a>.<\/span><\/p>\n<p>No importa si llevas mucho tiempo sigui\u00e9ndonos o si nos acabas de conocer, si te gusta RAW Magazine no lo pienses m\u00e1s y ap\u00f3yanos con el <span style=\"text-decoration: underline;\">plan de suscripci\u00f3n<\/span> que ofrecemos a nuestra comunidad. Gracias a esto, adem\u00e1s de ayudarnos a seguir trabajando duro en este bonito proyecto, estar\u00e1s siempre informado de todo lo relacionado con nosotros y tendr\u00e1s acceso exclusivo a determinadas ventajas disponibles solo para <em>supporters<\/em>.<\/p>\n","protected":false},"featured_media":45648,"comment_status":"open","ping_status":"closed","template":"","meta":[],"product_brand":[],"product_cat":[3968],"product_tag":[],"class_list":{"0":"post-45623","1":"product","2":"type-product","3":"status-publish","4":"has-post-thumbnail","6":"product_cat-laminas","8":"first","9":"instock","10":"shipping-taxable","11":"purchasable","12":"product-type-simple"},"yoast_head":"<!-- This site is optimized with the Yoast SEO Premium plugin v27.0 (Yoast SEO v27.0) - https:\/\/yoast.com\/product\/yoast-seo-premium-wordpress\/ -->\n<title>Issue Zero - Un paso hacia lo inexplorado - RAW Cycling Magazine<\/title>\n<meta name=\"robots\" content=\"index, follow, max-snippet:-1, max-image-preview:large, max-video-preview:-1\" \/>\n<link rel=\"canonical\" href=\"https:\/\/rawcyclingmag.com\/es\/producto\/issue-zero-un-paso-hacia-lo-inexplorado\/\" \/>\n<meta property=\"og:locale\" content=\"es_ES\" \/>\n<meta property=\"og:type\" content=\"article\" \/>\n<meta property=\"og:title\" content=\"Issue Zero - Un paso hacia lo inexplorado\" \/>\n<meta property=\"og:description\" content=\"Nuestra revista impresa agrega historias exclusivas solo presentes en la versi\u00f3n a papel, art\u00edculos previamente publicados en nuestra web, y contribuciones de lectores que merece la pena destacar. No esperes noticias de \u00faltima hora ni resultados de carreras, sino varias piezas narrativas a ser le\u00eddas y rele\u00eddas en esos momentos en los que quieres desconectar de tu pantalla y adentrarte en la pura esencia del ciclismo. Esperamos que su contenido te incite a planificar aventuras similares. La revista es impresa en Barcelona y dise\u00f1ada por Sheila Dob\u00f3n.  No importa si llevas mucho tiempo sigui\u00e9ndonos o si nos acabas de conocer, si te gusta RAW Magazine no lo pienses m\u00e1s y ap\u00f3yanos con el plan de suscripci\u00f3n que ofrecemos a nuestra comunidad. Gracias a esto, adem\u00e1s de ayudarnos a seguir trabajando duro en este bonito proyecto, estar\u00e1s siempre informado de todo lo relacionado con nosotros y tendr\u00e1s acceso exclusivo a determinadas ventajas disponibles solo para supporters.\" \/>\n<meta property=\"og:url\" content=\"https:\/\/rawcyclingmag.com\/es\/producto\/issue-zero-un-paso-hacia-lo-inexplorado\/\" \/>\n<meta property=\"og:site_name\" content=\"RAW Cycling Magazine\" \/>\n<meta property=\"article:publisher\" content=\"http:\/\/facebook.com\/rawcyclingmag\" \/>\n<meta property=\"article:modified_time\" content=\"2025-05-11T23:27:15+00:00\" \/>\n<meta property=\"og:image\" content=\"https:\/\/rawcyclingmag.com\/wp-content\/uploads\/2019\/01\/20645298_1058092664326314_3441095035471768100_o.jpg\" \/>\n\t<meta property=\"og:image:width\" content=\"1334\" \/>\n\t<meta property=\"og:image:height\" content=\"837\" \/>\n\t<meta property=\"og:image:type\" content=\"image\/jpeg\" \/>\n<meta name=\"twitter:card\" content=\"summary_large_image\" \/>\n<meta name=\"twitter:site\" content=\"@rawcyclingmag\" \/>\n<meta name=\"twitter:label1\" content=\"Precio\" \/>\n\t<meta name=\"twitter:data1\" content=\"10,00&euro;\" \/>\n\t<meta name=\"twitter:label2\" content=\"Disponibilidad\" \/>\n\t<meta name=\"twitter:data2\" content=\"Disponible\" \/>\n<script type=\"application\/ld+json\" class=\"yoast-schema-graph\">{\"@context\":\"https:\/\/schema.org\",\"@graph\":[{\"@type\":\"WebPage\",\"@id\":\"https:\/\/rawcyclingmag.com\/es\/producto\/issue-zero-un-paso-hacia-lo-inexplorado\/\",\"url\":\"https:\/\/rawcyclingmag.com\/es\/producto\/issue-zero-un-paso-hacia-lo-inexplorado\/\",\"name\":\"Issue Zero - Un paso hacia lo inexplorado - RAW Cycling Magazine\",\"isPartOf\":{\"@id\":\"https:\/\/rawcyclingmag.com\/es\/#website\"},\"primaryImageOfPage\":{\"@id\":\"https:\/\/rawcyclingmag.com\/es\/producto\/issue-zero-un-paso-hacia-lo-inexplorado\/#primaryimage\"},\"image\":{\"@id\":\"https:\/\/rawcyclingmag.com\/es\/producto\/issue-zero-un-paso-hacia-lo-inexplorado\/#primaryimage\"},\"thumbnailUrl\":\"https:\/\/rawcyclingmag.com\/wp-content\/uploads\/2025\/04\/revista1-1.jpg\",\"datePublished\":\"2025-04-28T07:52:10+00:00\",\"dateModified\":\"2025-05-11T23:27:15+00:00\",\"breadcrumb\":{\"@id\":\"https:\/\/rawcyclingmag.com\/es\/producto\/issue-zero-un-paso-hacia-lo-inexplorado\/#breadcrumb\"},\"inLanguage\":\"es\",\"potentialAction\":[{\"@type\":\"ReadAction\",\"target\":[\"https:\/\/rawcyclingmag.com\/es\/producto\/issue-zero-un-paso-hacia-lo-inexplorado\/\"]}]},{\"@type\":\"ImageObject\",\"inLanguage\":\"es\",\"@id\":\"https:\/\/rawcyclingmag.com\/es\/producto\/issue-zero-un-paso-hacia-lo-inexplorado\/#primaryimage\",\"url\":\"https:\/\/rawcyclingmag.com\/wp-content\/uploads\/2025\/04\/revista1-1.jpg\",\"contentUrl\":\"https:\/\/rawcyclingmag.com\/wp-content\/uploads\/2025\/04\/revista1-1.jpg\",\"width\":1333,\"height\":1333},{\"@type\":\"BreadcrumbList\",\"@id\":\"https:\/\/rawcyclingmag.com\/es\/producto\/issue-zero-un-paso-hacia-lo-inexplorado\/#breadcrumb\",\"itemListElement\":[{\"@type\":\"ListItem\",\"position\":1,\"name\":\"Portada\",\"item\":\"https:\/\/rawcyclingmag.com\/es\/\"},{\"@type\":\"ListItem\",\"position\":2,\"name\":\"Productos\",\"item\":\"https:\/\/rawcyclingmag.com\/es\/shop\/\"},{\"@type\":\"ListItem\",\"position\":3,\"name\":\"Issue Zero &#8211; Un paso hacia lo inexplorado\"}]},{\"@type\":\"WebSite\",\"@id\":\"https:\/\/rawcyclingmag.com\/es\/#website\",\"url\":\"https:\/\/rawcyclingmag.com\/es\/\",\"name\":\"RAW Cycling Magazine\",\"description\":\"\",\"publisher\":{\"@id\":\"https:\/\/rawcyclingmag.com\/es\/#organization\"},\"potentialAction\":[{\"@type\":\"SearchAction\",\"target\":{\"@type\":\"EntryPoint\",\"urlTemplate\":\"https:\/\/rawcyclingmag.com\/es\/?s={search_term_string}\"},\"query-input\":{\"@type\":\"PropertyValueSpecification\",\"valueRequired\":true,\"valueName\":\"search_term_string\"}}],\"inLanguage\":\"es\"},{\"@type\":\"Organization\",\"@id\":\"https:\/\/rawcyclingmag.com\/es\/#organization\",\"name\":\"RAW Cycling Magazine\",\"url\":\"https:\/\/rawcyclingmag.com\/es\/\",\"logo\":{\"@type\":\"ImageObject\",\"inLanguage\":\"es\",\"@id\":\"https:\/\/rawcyclingmag.com\/es\/#\/schema\/logo\/image\/\",\"url\":\"https:\/\/rawcyclingmag.com\/wp-content\/uploads\/2018\/03\/RawMagazine.orange.medium.png\",\"contentUrl\":\"https:\/\/rawcyclingmag.com\/wp-content\/uploads\/2018\/03\/RawMagazine.orange.medium.png\",\"width\":300,\"height\":140,\"caption\":\"RAW Cycling Magazine\"},\"image\":{\"@id\":\"https:\/\/rawcyclingmag.com\/es\/#\/schema\/logo\/image\/\"},\"sameAs\":[\"http:\/\/facebook.com\/rawcyclingmag\",\"https:\/\/x.com\/rawcyclingmag\",\"http:\/\/instagram.com\/rawcyclingmag\"]}]}<\/script>\n<meta property=\"product:price:amount\" content=\"10.00\" \/>\n<meta property=\"product:price:currency\" content=\"EUR\" \/>\n<meta property=\"og:availability\" content=\"instock\" \/>\n<meta property=\"product:availability\" content=\"instock\" \/>\n<meta property=\"product:condition\" content=\"new\" \/>\n<!-- \/ Yoast SEO Premium plugin. -->","yoast_head_json":{"title":"Issue Zero - Un paso hacia lo inexplorado - RAW Cycling Magazine","robots":{"index":"index","follow":"follow","max-snippet":"max-snippet:-1","max-image-preview":"max-image-preview:large","max-video-preview":"max-video-preview:-1"},"canonical":"https:\/\/rawcyclingmag.com\/es\/producto\/issue-zero-un-paso-hacia-lo-inexplorado\/","og_locale":"es_ES","og_type":"article","og_title":"Issue Zero - Un paso hacia lo inexplorado","og_description":"Nuestra revista impresa agrega historias exclusivas solo presentes en la versi\u00f3n a papel, art\u00edculos previamente publicados en nuestra web, y contribuciones de lectores que merece la pena destacar. No esperes noticias de \u00faltima hora ni resultados de carreras, sino varias piezas narrativas a ser le\u00eddas y rele\u00eddas en esos momentos en los que quieres desconectar de tu pantalla y adentrarte en la pura esencia del ciclismo. Esperamos que su contenido te incite a planificar aventuras similares. La revista es impresa en Barcelona y dise\u00f1ada por Sheila Dob\u00f3n.  No importa si llevas mucho tiempo sigui\u00e9ndonos o si nos acabas de conocer, si te gusta RAW Magazine no lo pienses m\u00e1s y ap\u00f3yanos con el plan de suscripci\u00f3n que ofrecemos a nuestra comunidad. Gracias a esto, adem\u00e1s de ayudarnos a seguir trabajando duro en este bonito proyecto, estar\u00e1s siempre informado de todo lo relacionado con nosotros y tendr\u00e1s acceso exclusivo a determinadas ventajas disponibles solo para supporters.","og_url":"https:\/\/rawcyclingmag.com\/es\/producto\/issue-zero-un-paso-hacia-lo-inexplorado\/","og_site_name":"RAW Cycling Magazine","article_publisher":"http:\/\/facebook.com\/rawcyclingmag","article_modified_time":"2025-05-11T23:27:15+00:00","og_image":[{"width":1334,"height":837,"url":"https:\/\/rawcyclingmag.com\/wp-content\/uploads\/2019\/01\/20645298_1058092664326314_3441095035471768100_o.jpg","type":"image\/jpeg"}],"twitter_card":"summary_large_image","twitter_site":"@rawcyclingmag","twitter_misc":{"Precio":"10,00&euro;","Disponibilidad":"Disponible"},"schema":{"@context":"https:\/\/schema.org","@graph":[{"@type":"WebPage","@id":"https:\/\/rawcyclingmag.com\/es\/producto\/issue-zero-un-paso-hacia-lo-inexplorado\/","url":"https:\/\/rawcyclingmag.com\/es\/producto\/issue-zero-un-paso-hacia-lo-inexplorado\/","name":"Issue Zero - Un paso hacia lo inexplorado - RAW Cycling Magazine","isPartOf":{"@id":"https:\/\/rawcyclingmag.com\/es\/#website"},"primaryImageOfPage":{"@id":"https:\/\/rawcyclingmag.com\/es\/producto\/issue-zero-un-paso-hacia-lo-inexplorado\/#primaryimage"},"image":{"@id":"https:\/\/rawcyclingmag.com\/es\/producto\/issue-zero-un-paso-hacia-lo-inexplorado\/#primaryimage"},"thumbnailUrl":"https:\/\/rawcyclingmag.com\/wp-content\/uploads\/2025\/04\/revista1-1.jpg","datePublished":"2025-04-28T07:52:10+00:00","dateModified":"2025-05-11T23:27:15+00:00","breadcrumb":{"@id":"https:\/\/rawcyclingmag.com\/es\/producto\/issue-zero-un-paso-hacia-lo-inexplorado\/#breadcrumb"},"inLanguage":"es","potentialAction":[{"@type":"ReadAction","target":["https:\/\/rawcyclingmag.com\/es\/producto\/issue-zero-un-paso-hacia-lo-inexplorado\/"]}]},{"@type":"ImageObject","inLanguage":"es","@id":"https:\/\/rawcyclingmag.com\/es\/producto\/issue-zero-un-paso-hacia-lo-inexplorado\/#primaryimage","url":"https:\/\/rawcyclingmag.com\/wp-content\/uploads\/2025\/04\/revista1-1.jpg","contentUrl":"https:\/\/rawcyclingmag.com\/wp-content\/uploads\/2025\/04\/revista1-1.jpg","width":1333,"height":1333},{"@type":"BreadcrumbList","@id":"https:\/\/rawcyclingmag.com\/es\/producto\/issue-zero-un-paso-hacia-lo-inexplorado\/#breadcrumb","itemListElement":[{"@type":"ListItem","position":1,"name":"Portada","item":"https:\/\/rawcyclingmag.com\/es\/"},{"@type":"ListItem","position":2,"name":"Productos","item":"https:\/\/rawcyclingmag.com\/es\/shop\/"},{"@type":"ListItem","position":3,"name":"Issue Zero &#8211; Un paso hacia lo inexplorado"}]},{"@type":"WebSite","@id":"https:\/\/rawcyclingmag.com\/es\/#website","url":"https:\/\/rawcyclingmag.com\/es\/","name":"RAW Cycling Magazine","description":"","publisher":{"@id":"https:\/\/rawcyclingmag.com\/es\/#organization"},"potentialAction":[{"@type":"SearchAction","target":{"@type":"EntryPoint","urlTemplate":"https:\/\/rawcyclingmag.com\/es\/?s={search_term_string}"},"query-input":{"@type":"PropertyValueSpecification","valueRequired":true,"valueName":"search_term_string"}}],"inLanguage":"es"},{"@type":"Organization","@id":"https:\/\/rawcyclingmag.com\/es\/#organization","name":"RAW Cycling Magazine","url":"https:\/\/rawcyclingmag.com\/es\/","logo":{"@type":"ImageObject","inLanguage":"es","@id":"https:\/\/rawcyclingmag.com\/es\/#\/schema\/logo\/image\/","url":"https:\/\/rawcyclingmag.com\/wp-content\/uploads\/2018\/03\/RawMagazine.orange.medium.png","contentUrl":"https:\/\/rawcyclingmag.com\/wp-content\/uploads\/2018\/03\/RawMagazine.orange.medium.png","width":300,"height":140,"caption":"RAW Cycling Magazine"},"image":{"@id":"https:\/\/rawcyclingmag.com\/es\/#\/schema\/logo\/image\/"},"sameAs":["http:\/\/facebook.com\/rawcyclingmag","https:\/\/x.com\/rawcyclingmag","http:\/\/instagram.com\/rawcyclingmag"]}]},"product_price_amount":"10.00","product_price_currency":"EUR","og_availability":"instock","product_availability":"instock","product_condition":"new"},"_links":{"self":[{"href":"https:\/\/rawcyclingmag.com\/es\/wp-json\/wp\/v2\/product\/45623","targetHints":{"allow":["GET"]}}],"collection":[{"href":"https:\/\/rawcyclingmag.com\/es\/wp-json\/wp\/v2\/product"}],"about":[{"href":"https:\/\/rawcyclingmag.com\/es\/wp-json\/wp\/v2\/types\/product"}],"replies":[{"embeddable":true,"href":"https:\/\/rawcyclingmag.com\/es\/wp-json\/wp\/v2\/comments?post=45623"}],"version-history":[{"count":0,"href":"https:\/\/rawcyclingmag.com\/es\/wp-json\/wp\/v2\/product\/45623\/revisions"}],"wp:featuredmedia":[{"embeddable":true,"href":"https:\/\/rawcyclingmag.com\/es\/wp-json\/wp\/v2\/media\/45648"}],"wp:attachment":[{"href":"https:\/\/rawcyclingmag.com\/es\/wp-json\/wp\/v2\/media?parent=45623"}],"wp:term":[{"taxonomy":"product_brand","embeddable":true,"href":"https:\/\/rawcyclingmag.com\/es\/wp-json\/wp\/v2\/product_brand?post=45623"},{"taxonomy":"product_cat","embeddable":true,"href":"https:\/\/rawcyclingmag.com\/es\/wp-json\/wp\/v2\/product_cat?post=45623"},{"taxonomy":"product_tag","embeddable":true,"href":"https:\/\/rawcyclingmag.com\/es\/wp-json\/wp\/v2\/product_tag?post=45623"}],"curies":[{"name":"wp","href":"https:\/\/api.w.org\/{rel}","templated":true}]}}