{"id":36149,"date":"2018-05-25T09:58:27","date_gmt":"2018-05-25T07:58:27","guid":{"rendered":"https:\/\/raw.ecoolabs.com\/privacy-policy\/"},"modified":"2025-05-04T17:45:21","modified_gmt":"2025-05-04T15:45:21","slug":"privacy-policy","status":"publish","type":"page","link":"https:\/\/rawcyclingmag.com\/es\/privacy-policy\/","title":{"rendered":"Privacy Policy"},"content":{"rendered":"<h1>Pol\u00edtica de privacidad<\/h1>\n<p>Gracias por visitar <a href=\"https:\/\/rawcyclingmag.com\/\">rawcyclingmag.com<\/a>. Confiamos en que su contenido satisfaga sus necesidades. Si necesita informaci\u00f3n adicional, no dude en ponerse en contacto con nosotros. Por \u00faltimo, le rogamos que lea atentamente este Aviso Legal, ya que contiene informaci\u00f3n legal sobre los derechos, obligaciones, limitaciones y exclusiones que genera el acceso y uso de estas p\u00e1ginas web (en adelante, las &#8220;Condiciones de Uso&#8221;). Le aconsejamos que cada vez que visite nuestra web lea estas Condiciones de Uso, ya que RAW Cycling Magazine se reserva el derecho a realizar los cambios y modificaciones que considere oportunos.<\/p>\n<h4>PROPIEDAD DEL SITIO WEB<\/h4>\n<p>En cumplimiento de la Ley 34\/2002, de 11 de julio, de Servicios de la Sociedad de la Informaci\u00f3n y de Comercio Electr\u00f3nico, le informamos que el sitio web <a href=\"https:\/\/rawcyclingmag.com\/\">rawcyclingmag.com<\/a> (en adelante &#8220;Sitio Web&#8221;) es propiedad de RAW Cycling Group S.L. con domicilio social en la calle Holanda, 81-A, CIF. B01653575, inscrita en el Registro Mercantil de Barcelona H.549838 T.47367 F.59 y direcci\u00f3n de correo electr\u00f3nico <a href=\"mailto:info@rawcyclingmag.com\">info@rawcyclingmag.com<\/a>.<\/p>\n<h4>PROTECCI\u00d3N DE DATOS PERSONALES<\/h4>\n<p>En cumplimiento de la Ley Org\u00e1nica 15\/1999, de 13 de diciembre, de Protecci\u00f3n de Datos de Car\u00e1cter Personal, le informamos que en el caso de que usted como usuario del Sitio Web y\/o como cliente de nuestras tiendas decida voluntariamente facilitar a RAW Cycling Magazine sus datos personales con el fin de atender la relaci\u00f3n comercial o recibir m\u00e1s informaci\u00f3n sobre los productos y\/o servicios de RAW Cycling Magazine, o para resolver cualquier duda o consulta que nos formule en cada momento, RAW Cycling Magazine podr\u00e1 incorporar dichos datos a sus ficheros comerciales con la finalidad de realizar la tramitaci\u00f3n de su solicitud e informarle peri\u00f3dicamente de nuestros productos y servicios. RAW Cycling Magazine entiende que al ser usted quien nos facilita sus datos personales para las finalidades anteriormente expuestas, nos autoriza expresamente a guardar sus datos y a no cederlos en ning\u00fan caso a terceros. Por \u00faltimo, RAW Cycling Magazine le informa de que puede ejercer en cualquier momento sus derechos de acceso, rectificaci\u00f3n, cancelaci\u00f3n y oposici\u00f3n en los t\u00e9rminos previstos en la Ley Org\u00e1nica de Protecci\u00f3n de Datos, dirigi\u00e9ndose a la direcci\u00f3n RAW Cycling Magazine, Carrer Holanda 81-A, 08228, Terrassa (Espa\u00f1a) o a la direcci\u00f3n de correo electr\u00f3nico <a href=\"mailto:info@rawcyclingmag.com\">info@rawcyclingmag.com<\/a>.<\/p>\n<h4>COOKIES<\/h4>\n<p>Este sitio utiliza cookies durante el proceso de confirmaci\u00f3n para ofrecerle un mejor servicio. Si su navegador no permite el uso de cookies, podr\u00e1 realizar los pedidos pero en alg\u00fan momento se le volver\u00e1 a pedir alguna informaci\u00f3n.<\/p>\n<h4>USO DEL SITIO WEB<\/h4>\n<p>Toda la informaci\u00f3n, el texto y las ilustraciones incorporadas en el sitio web son propiedad exclusiva de RAW Cycling Magazine. Estas condiciones de uso le otorgan el derecho de utilizar la informaci\u00f3n y los contenidos del Sitio Web para fines personales, informativos y no comerciales. Usted no debe, en ning\u00fan caso, utilizar el Sitio Web, su informaci\u00f3n y\/o contenidos de forma que pueda perjudicar los derechos que RAW Cycling Magazine a y\/o cualquier tercero pueda tener sobre dicha informaci\u00f3n o contenidos, y especialmente en lo que se refiere a los derechos de propiedad intelectual.<\/p>\n<h4>PROPIEDAD INDUSTRIAL<\/h4>\n<p>Los nombres, logotipos, marcas comerciales y\/o marcas renombradas que aparecen en el Sitio Web (por ejemplo, los que se han incorporado en la secci\u00f3n &#8220;Grandes Marcas&#8221;) son logotipos y marcas registradas y protegidas por la legislaci\u00f3n nacional e internacional y propiedad de sus leg\u00edtimos propietarios o de RAW Cycling Magazine. La utilizaci\u00f3n de dichos signos distintivos y\/o marcas registradas, o de cualquier otro material sujeto a protecci\u00f3n en virtud de la legislaci\u00f3n de propiedad industrial, salvo lo permitido por las presentes Condiciones de Uso, est\u00e1 estrictamente prohibida y constituir\u00e1 una violaci\u00f3n de los derechos de propiedad industrial e intelectual de RAW Cycling Magazine o de los titulares de dichos logotipos y\/o marcas.<\/p>\n<h4>PROPIEDAD INTELECTUAL<\/h4>\n<p>Asimismo, el dise\u00f1o gr\u00e1fico del Sitio Web, los programas de software que permiten su funcionamiento, as\u00ed como las fotograf\u00edas, textos y el resto de contenidos protegidos por derechos de propiedad intelectual e incorporados en el Sitio Web son propiedad de RAW Cycling Magazine <span style=\"font-family: var(--font-body, 'Didact Gothic');\">o de sus leg\u00edtimos propietarios y s\u00f3lo deben utilizarse con fines informativos, quedando prohibido cualquier otro uso en sentido amplio.<\/span><\/p>\n<p>RAW Cycling Magazine no se responsabiliza del uso indebido por parte de terceros de la informaci\u00f3n y los contenidos accesibles a trav\u00e9s del sitio web. La utilizaci\u00f3n no autorizada de la informaci\u00f3n contenida en el Sitio Web, as\u00ed como los perjuicios ocasionados en los derechos de propiedad intelectual e industrial de RAW Cycling Magazine o de los leg\u00edtimos titulares de las obras, marcas y\/o logotipos que aparecen en el Sitio Web, pueden dar lugar a las acciones que legalmente correspondan a RAW Cycling Magazine.<\/p>\n<h4>LIMITACI\u00d3N DE LA RESPONSABILIDAD<\/h4>\n<p>Tanto el acceso al Sitio Web como el uso que se haga de la informaci\u00f3n contenida en el mismo son de la exclusiva responsabilidad del usuario. RAW Cycling Magazine se reserva la facultad de efectuar, en cualquier momento y sin necesidad de previo aviso, modificaciones y actualizaciones de la informaci\u00f3n contenida en la Web o en su configuraci\u00f3n y presentaci\u00f3n. RAW Cycling Magazine no garantiza ni se responsabiliza de los errores en el acceso al Sitio Web o en su contenido, ni de que \u00e9ste se encuentre debidamente actualizado, aunque desarrollar\u00e1 los esfuerzos precisos para evitarlos y, en su caso, repararlos o actualizarlos lo antes posible. RAW Cycling Magazine no se responsabiliza de las consecuencias de su interacci\u00f3n o de los efectos de dicha interacci\u00f3n con las aplicaciones de software y\/o equipos de hardware de los usuarios. RAW Cycling Magazine no garantiza otra cosa que la garant\u00eda habitual reconocida por el mercado de la sastrer\u00eda y la confecci\u00f3n, en cuanto a la idoneidad de la informaci\u00f3n y las consecuencias que puedan derivarse del procedimiento descrito en &#8220;Sastrer\u00eda&#8221;.<\/p>\n<h4>ENLACES<\/h4>\n<p>Con el fin de facilitar a nuestros clientes o usuarios del Sitio Web la b\u00fasqueda de informaci\u00f3n que RAW Cycling Magazine considere de inter\u00e9s dentro de nuestro \u00e1mbito de la moda, RAW Cycling Magazine podr\u00eda establecer en el futuro enlaces directos de hipertexto a sitios web de terceros. RAW Cycling Magazine declina toda responsabilidad que pudiera derivarse del contenido de dichas p\u00e1ginas web de terceros, ya que no ejercer\u00e1 ning\u00fan tipo de revisi\u00f3n y\/o control sobre las mismas.<\/p>\n<h4>PRIVACIDAD<\/h4>\n<p>Los datos recogidos a trav\u00e9s de los formularios, correo electr\u00f3nico u otros medios ser\u00e1n guardados \u00fanicamente para realizar la gesti\u00f3n de los pedidos, y no ser\u00e1n cedidos a terceros y en ning\u00fan caso se utilizar\u00e1n con fines publicitarios, en caso de haber seleccionado la opci\u00f3n de recibir publicidad de RAW Cycling Magazine.<\/p>\n","protected":false},"excerpt":{"rendered":"<p>Pol\u00edtica de privacidad Gracias por visitar rawcyclingmag.com. Confiamos en que su contenido satisfaga sus necesidades. Si necesita informaci\u00f3n adicional, no<\/p>\n","protected":false},"author":2,"featured_media":0,"parent":0,"menu_order":13,"comment_status":"closed","ping_status":"closed","template":"","meta":{"footnotes":""},"class_list":["post-36149","page","type-page","status-publish","hentry"],"yoast_head":"<!-- This site is optimized with the Yoast SEO Premium plugin v27.0 (Yoast SEO v27.0) - https:\/\/yoast.com\/product\/yoast-seo-premium-wordpress\/ -->\n<title>Privacy Policy - RAW Cycling Magazine<\/title>\n<meta name=\"robots\" content=\"index, follow, max-snippet:-1, max-image-preview:large, max-video-preview:-1\" \/>\n<link rel=\"canonical\" href=\"https:\/\/rawcyclingmag.com\/es\/privacy-policy\/\" \/>\n<meta property=\"og:locale\" content=\"es_ES\" \/>\n<meta property=\"og:type\" content=\"article\" \/>\n<meta property=\"og:title\" content=\"Privacy Policy\" \/>\n<meta property=\"og:description\" content=\"Pol\u00edtica de privacidad Gracias por visitar rawcyclingmag.com. Confiamos en que su contenido satisfaga sus necesidades. Si necesita informaci\u00f3n adicional, no\" \/>\n<meta property=\"og:url\" content=\"https:\/\/rawcyclingmag.com\/es\/privacy-policy\/\" \/>\n<meta property=\"og:site_name\" content=\"RAW Cycling Magazine\" \/>\n<meta property=\"article:publisher\" content=\"http:\/\/facebook.com\/rawcyclingmag\" \/>\n<meta property=\"article:modified_time\" content=\"2025-05-04T15:45:21+00:00\" \/>\n<meta property=\"og:image\" content=\"https:\/\/rawcyclingmag.com\/wp-content\/uploads\/2019\/01\/20645298_1058092664326314_3441095035471768100_o.jpg\" \/>\n\t<meta property=\"og:image:width\" content=\"1334\" \/>\n\t<meta property=\"og:image:height\" content=\"837\" \/>\n\t<meta property=\"og:image:type\" content=\"image\/jpeg\" \/>\n<meta name=\"twitter:card\" content=\"summary_large_image\" \/>\n<meta name=\"twitter:site\" content=\"@rawcyclingmag\" \/>\n<meta name=\"twitter:label1\" content=\"Tiempo de lectura\" \/>\n\t<meta name=\"twitter:data1\" content=\"6 minutos\" \/>\n<script type=\"application\/ld+json\" class=\"yoast-schema-graph\">{\"@context\":\"https:\/\/schema.org\",\"@graph\":[{\"@type\":\"WebPage\",\"@id\":\"https:\/\/rawcyclingmag.com\/es\/privacy-policy\/\",\"url\":\"https:\/\/rawcyclingmag.com\/es\/privacy-policy\/\",\"name\":\"Privacy Policy - RAW Cycling Magazine\",\"isPartOf\":{\"@id\":\"https:\/\/rawcyclingmag.com\/es\/#website\"},\"datePublished\":\"2018-05-25T07:58:27+00:00\",\"dateModified\":\"2025-05-04T15:45:21+00:00\",\"breadcrumb\":{\"@id\":\"https:\/\/rawcyclingmag.com\/es\/privacy-policy\/#breadcrumb\"},\"inLanguage\":\"es\",\"potentialAction\":[{\"@type\":\"ReadAction\",\"target\":[\"https:\/\/rawcyclingmag.com\/es\/privacy-policy\/\"]}]},{\"@type\":\"BreadcrumbList\",\"@id\":\"https:\/\/rawcyclingmag.com\/es\/privacy-policy\/#breadcrumb\",\"itemListElement\":[{\"@type\":\"ListItem\",\"position\":1,\"name\":\"Portada\",\"item\":\"https:\/\/rawcyclingmag.com\/es\/\"},{\"@type\":\"ListItem\",\"position\":2,\"name\":\"Privacy Policy\"}]},{\"@type\":\"WebSite\",\"@id\":\"https:\/\/rawcyclingmag.com\/es\/#website\",\"url\":\"https:\/\/rawcyclingmag.com\/es\/\",\"name\":\"RAW Cycling Magazine\",\"description\":\"\",\"publisher\":{\"@id\":\"https:\/\/rawcyclingmag.com\/es\/#organization\"},\"potentialAction\":[{\"@type\":\"SearchAction\",\"target\":{\"@type\":\"EntryPoint\",\"urlTemplate\":\"https:\/\/rawcyclingmag.com\/es\/?s={search_term_string}\"},\"query-input\":{\"@type\":\"PropertyValueSpecification\",\"valueRequired\":true,\"valueName\":\"search_term_string\"}}],\"inLanguage\":\"es\"},{\"@type\":\"Organization\",\"@id\":\"https:\/\/rawcyclingmag.com\/es\/#organization\",\"name\":\"RAW Cycling Magazine\",\"url\":\"https:\/\/rawcyclingmag.com\/es\/\",\"logo\":{\"@type\":\"ImageObject\",\"inLanguage\":\"es\",\"@id\":\"https:\/\/rawcyclingmag.com\/es\/#\/schema\/logo\/image\/\",\"url\":\"https:\/\/rawcyclingmag.com\/wp-content\/uploads\/2018\/03\/RawMagazine.orange.medium.png\",\"contentUrl\":\"https:\/\/rawcyclingmag.com\/wp-content\/uploads\/2018\/03\/RawMagazine.orange.medium.png\",\"width\":300,\"height\":140,\"caption\":\"RAW Cycling Magazine\"},\"image\":{\"@id\":\"https:\/\/rawcyclingmag.com\/es\/#\/schema\/logo\/image\/\"},\"sameAs\":[\"http:\/\/facebook.com\/rawcyclingmag\",\"https:\/\/x.com\/rawcyclingmag\",\"http:\/\/instagram.com\/rawcyclingmag\"]}]}<\/script>\n<!-- \/ Yoast SEO Premium plugin. -->","yoast_head_json":{"title":"Privacy Policy - RAW Cycling Magazine","robots":{"index":"index","follow":"follow","max-snippet":"max-snippet:-1","max-image-preview":"max-image-preview:large","max-video-preview":"max-video-preview:-1"},"canonical":"https:\/\/rawcyclingmag.com\/es\/privacy-policy\/","og_locale":"es_ES","og_type":"article","og_title":"Privacy Policy","og_description":"Pol\u00edtica de privacidad Gracias por visitar rawcyclingmag.com. Confiamos en que su contenido satisfaga sus necesidades. Si necesita informaci\u00f3n adicional, no","og_url":"https:\/\/rawcyclingmag.com\/es\/privacy-policy\/","og_site_name":"RAW Cycling Magazine","article_publisher":"http:\/\/facebook.com\/rawcyclingmag","article_modified_time":"2025-05-04T15:45:21+00:00","og_image":[{"width":1334,"height":837,"url":"https:\/\/rawcyclingmag.com\/wp-content\/uploads\/2019\/01\/20645298_1058092664326314_3441095035471768100_o.jpg","type":"image\/jpeg"}],"twitter_card":"summary_large_image","twitter_site":"@rawcyclingmag","twitter_misc":{"Tiempo de lectura":"6 minutos"},"schema":{"@context":"https:\/\/schema.org","@graph":[{"@type":"WebPage","@id":"https:\/\/rawcyclingmag.com\/es\/privacy-policy\/","url":"https:\/\/rawcyclingmag.com\/es\/privacy-policy\/","name":"Privacy Policy - RAW Cycling Magazine","isPartOf":{"@id":"https:\/\/rawcyclingmag.com\/es\/#website"},"datePublished":"2018-05-25T07:58:27+00:00","dateModified":"2025-05-04T15:45:21+00:00","breadcrumb":{"@id":"https:\/\/rawcyclingmag.com\/es\/privacy-policy\/#breadcrumb"},"inLanguage":"es","potentialAction":[{"@type":"ReadAction","target":["https:\/\/rawcyclingmag.com\/es\/privacy-policy\/"]}]},{"@type":"BreadcrumbList","@id":"https:\/\/rawcyclingmag.com\/es\/privacy-policy\/#breadcrumb","itemListElement":[{"@type":"ListItem","position":1,"name":"Portada","item":"https:\/\/rawcyclingmag.com\/es\/"},{"@type":"ListItem","position":2,"name":"Privacy Policy"}]},{"@type":"WebSite","@id":"https:\/\/rawcyclingmag.com\/es\/#website","url":"https:\/\/rawcyclingmag.com\/es\/","name":"RAW Cycling Magazine","description":"","publisher":{"@id":"https:\/\/rawcyclingmag.com\/es\/#organization"},"potentialAction":[{"@type":"SearchAction","target":{"@type":"EntryPoint","urlTemplate":"https:\/\/rawcyclingmag.com\/es\/?s={search_term_string}"},"query-input":{"@type":"PropertyValueSpecification","valueRequired":true,"valueName":"search_term_string"}}],"inLanguage":"es"},{"@type":"Organization","@id":"https:\/\/rawcyclingmag.com\/es\/#organization","name":"RAW Cycling Magazine","url":"https:\/\/rawcyclingmag.com\/es\/","logo":{"@type":"ImageObject","inLanguage":"es","@id":"https:\/\/rawcyclingmag.com\/es\/#\/schema\/logo\/image\/","url":"https:\/\/rawcyclingmag.com\/wp-content\/uploads\/2018\/03\/RawMagazine.orange.medium.png","contentUrl":"https:\/\/rawcyclingmag.com\/wp-content\/uploads\/2018\/03\/RawMagazine.orange.medium.png","width":300,"height":140,"caption":"RAW Cycling Magazine"},"image":{"@id":"https:\/\/rawcyclingmag.com\/es\/#\/schema\/logo\/image\/"},"sameAs":["http:\/\/facebook.com\/rawcyclingmag","https:\/\/x.com\/rawcyclingmag","http:\/\/instagram.com\/rawcyclingmag"]}]}},"_links":{"self":[{"href":"https:\/\/rawcyclingmag.com\/es\/wp-json\/wp\/v2\/pages\/36149","targetHints":{"allow":["GET"]}}],"collection":[{"href":"https:\/\/rawcyclingmag.com\/es\/wp-json\/wp\/v2\/pages"}],"about":[{"href":"https:\/\/rawcyclingmag.com\/es\/wp-json\/wp\/v2\/types\/page"}],"author":[{"embeddable":true,"href":"https:\/\/rawcyclingmag.com\/es\/wp-json\/wp\/v2\/users\/2"}],"replies":[{"embeddable":true,"href":"https:\/\/rawcyclingmag.com\/es\/wp-json\/wp\/v2\/comments?post=36149"}],"version-history":[{"count":0,"href":"https:\/\/rawcyclingmag.com\/es\/wp-json\/wp\/v2\/pages\/36149\/revisions"}],"wp:attachment":[{"href":"https:\/\/rawcyclingmag.com\/es\/wp-json\/wp\/v2\/media?parent=36149"}],"curies":[{"name":"wp","href":"https:\/\/api.w.org\/{rel}","templated":true}]}}